{"id":308,"date":"2023-09-01T12:46:38","date_gmt":"2023-09-01T12:46:38","guid":{"rendered":"http:\/\/attentiv.fr\/attentivwp\/?page_id=308"},"modified":"2024-01-09T09:01:40","modified_gmt":"2024-01-09T09:01:40","slug":"mentions-legales","status":"publish","type":"page","link":"http:\/\/attentiv.fr\/attentivwp\/mentions-legales\/","title":{"rendered":"Mentions L\u00e9gales"},"content":{"rendered":"<p>[et_pb_section fb_built=\u00a0\u00bb1&Prime; _builder_version=\u00a0\u00bb4.22.1&Prime; _module_preset=\u00a0\u00bbdefault\u00a0\u00bb global_colors_info=\u00a0\u00bb{}\u00a0\u00bb][et_pb_row _builder_version=\u00a0\u00bb4.22.1&Prime; _module_preset=\u00a0\u00bbdefault\u00a0\u00bb global_colors_info=\u00a0\u00bb{}\u00a0\u00bb][et_pb_column type=\u00a0\u00bb4_4&Prime; _builder_version=\u00a0\u00bb4.22.1&Prime; _module_preset=\u00a0\u00bbdefault\u00a0\u00bb global_colors_info=\u00a0\u00bb{}\u00a0\u00bb][et_pb_text _builder_version=\u00a0\u00bb4.22.1&Prime; _module_preset=\u00a0\u00bbdefault\u00a0\u00bb header_font=\u00a0\u00bbMontserrat|600|||||||\u00a0\u00bb header_text_color=\u00a0\u00bb#000000&Prime; header_font_size=\u00a0\u00bb40px\u00a0\u00bb global_colors_info=\u00a0\u00bb{}\u00a0\u00bb]<\/p>\n<h1>Mentions l\u00e9gales<\/h1>\n<p>[\/et_pb_text][et_pb_text _builder_version=\u00a0\u00bb4.23.1&Prime; _module_preset=\u00a0\u00bbdefault\u00a0\u00bb text_font=\u00a0\u00bbMontserrat||||||||\u00a0\u00bb text_text_color=\u00a0\u00bb#000000&Prime; text_font_size=\u00a0\u00bb16px\u00a0\u00bb header_font=\u00a0\u00bbMontserrat||||||||\u00a0\u00bb header_2_text_color=\u00a0\u00bb#000000&Prime; header_2_font_size=\u00a0\u00bb28px\u00a0\u00bb header_2_line_height=\u00a0\u00bb1.3em\u00a0\u00bb hover_enabled=\u00a0\u00bb0&Prime; global_colors_info=\u00a0\u00bb{}\u00a0\u00bb sticky_enabled=\u00a0\u00bb0&Prime;]<\/p>\n<p><span style=\"font-weight: 400;\">Ce site est destin\u00e9 \u00e0 votre information. Vous disposez d\u2019un droit d\u2019utilisation des informations qui y sont contenues \u00e0 des fins exclusivement personnelles et non commerciales. Vous n\u2019\u00eates pas autoris\u00e9s \u00e0 modifier, distribuer, transmettre, diffuser, repr\u00e9senter, reproduire, publier, transf\u00e9rer ou vendre tout ou partie de ce site, tout document t\u00e9l\u00e9charg\u00e9 \u00e0 partir de ce site ou toutes listes de liens obtenues \u00e0 partir de ce site, ni \u00e0 cr\u00e9er des \u0153uvres d\u00e9riv\u00e9es de ces documents ou listes de liens, sauf accord particulier et pr\u00e9alable conclu avec l\u2019\u00e9diteur et\/ou l\u2019auteur. Tout lien avec le pr\u00e9sent site doit faire l\u2019objet d\u2019un accord pr\u00e9alable de la soci\u00e9t\u00e9 Attentiv.<\/span><\/p>\n<p><span style=\"font-weight: 400;\">\u00a0<\/span><\/p>\n<p><span style=\"font-weight: 400;\">\u2014 Renseignements juridiques \u2014<\/span><\/p>\n<p><span style=\"font-weight: 400;\">Nom commercial Attentiv<\/span><\/p>\n<p><span style=\"font-weight: 400;\">Activit\u00e9 Audioproth\u00e8se<\/span><\/p>\n<p><span style=\"font-weight: 400;\">Si\u00e8ge social 55 Bd du Docteur Moutel 44150 ANCENIS-ST GEREON<\/span><\/p>\n<p><span style=\"font-weight: 400;\">Num\u00e9ro de t\u00e9l\u00e9phone 02 40 09 65 59<\/span><\/p>\n<p><span style=\"font-weight: 400;\">Adresse e-mail attentiv@hotmail.fr<\/span><\/p>\n<p><span style=\"font-weight: 400;\">Forme juridique Entreprise individuelle<\/span><\/p>\n<p><span style=\"font-weight: 400;\">SIRET 51116635700018<\/span><\/p>\n<p><span style=\"font-weight: 400;\">RCS NANTES<\/span><\/p>\n<p><span style=\"font-weight: 400;\">TVA intracommunautaire FR87511166357<\/span><\/p>\n<p>&nbsp;<\/p>\n<p><span style=\"font-weight: 400;\">\u2014 Responsable de la publictaion \u2014<\/span><\/p>\n<p><span style=\"font-weight: 400;\">Le site \u00ab Attentiv \u00bb est publi\u00e9 sous la responsabilit\u00e9 de la soci\u00e9t\u00e9 EI Lilian Dandelot,<\/span><\/p>\n<p><span style=\"font-weight: 400;\">enregistr\u00e9e \u00e0 l\u2019INSEE sous le SIRET: 92106224600019.<\/span><\/p>\n<p>&nbsp;<\/p>\n<p><span style=\"font-weight: 400;\">\u00a0\u2014 H\u00e9bergeur du site \u2014<\/span><\/p>\n<p><span style=\"font-weight: 400;\">L\u2019h\u00e9bergeur du site est la soci\u00e9t\u00e9 OVH immatricul\u00e9 au RCS de Roubaix sous le SIREN<\/span><\/p>\n<p><span style=\"font-weight: 400;\">424761419, , dont le si\u00e8ge social est situ\u00e9 au 2 rue Kellermann, 59100 Roubaix \u2013 avec le<\/span><\/p>\n<p><span style=\"font-weight: 400;\">num\u00e9ro de t\u00e9l\u00e9phone 08 203 203 63<\/span><\/p>\n<p>&nbsp;<\/p>\n<p><span style=\"font-weight: 400;\">L\u2019ensemble du site rel\u00e8ve de la l\u00e9gislation sur le droit d\u2019auteur et la propri\u00e9t\u00e9 <\/span><span style=\"font-weight: 400;\">intellectuelle.<\/span><\/p>\n<p><span style=\"font-weight: 400;\">Rappel de l\u2019article L.112-3 du Code de la Propri\u00e9t\u00e9 Intellectuelle : \u00ab Les auteurs de traductions, d\u2019adaptations, transformations ou arrangements des \u0153uvres de l\u2019esprit <\/span><span style=\"font-weight: 400;\">jouissent de la protection institu\u00e9e par le pr\u00e9sent code sans pr\u00e9judice des droits de <\/span><span style=\"font-weight: 400;\">l\u2019auteur de l\u2019\u0153uvre originale. Il en est de m\u00eame des auteurs d\u2019anthologies ou de <\/span><span style=\"font-weight: 400;\">recueils d\u2019\u0153uvres ou de donn\u00e9es diverses, tels que les bases de donn\u00e9es, qui, par le <\/span><span style=\"font-weight: 400;\">choix ou la disposition des mati\u00e8res, constituent des cr\u00e9ations intellectuelles. On <\/span><span style=\"font-weight: 400;\">entend par base de donn\u00e9es un recueil d\u2019\u0153uvres, de donn\u00e9es ou d\u2019autres \u00e9l\u00e9ments <\/span><span style=\"font-weight: 400;\">ind\u00e9pendants, dispos\u00e9s de mani\u00e8re syst\u00e9matique ou m\u00e9thodique, et <\/span><span style=\"font-weight: 400;\">individuellement accessibles par des moyens \u00e9lectroniques ou par tout autre moyen.\u00bb<\/span><\/p>\n<p><span style=\"font-weight: 400;\">Tous les droits de reproduction sont r\u00e9serv\u00e9s, ce qui inclut les documents \u00e0 <\/span><span style=\"font-weight: 400;\">t\u00e9l\u00e9charger, les repr\u00e9sentations iconographiques et photographiques. Pour les <\/span><span style=\"font-weight: 400;\">photos, le nom du photographe devra toujours \u00eatre mentionn\u00e9. La reproduction des <\/span><span style=\"font-weight: 400;\">textes sur support papier est autoris\u00e9e sous r\u00e9serve du respect de la gratuit\u00e9 de la <\/span><span style=\"font-weight: 400;\">diffusion, de l\u2019int\u00e9grit\u00e9 des documents reproduits et de la citation, claire et lisible de la <\/span><span style=\"font-weight: 400;\">source.<\/span><\/p>\n<p><span style=\"font-weight: 400;\">Le site Attentiv est en conformit\u00e9 avec le RGPD <span style=\"text-decoration: underline;\"><a href=\"http:\/\/attentiv.fr\/attentivwp\/rgpd\/\">voir notre politique RGPD.<\/a><\/span> <\/span><span style=\"font-weight: 400;\"><\/span><\/p>\n<p>&nbsp;<\/p>\n<p><span style=\"font-weight: 400;\">Les bases de donn\u00e9es sont prot\u00e9g\u00e9es par les dispositions de la loi du 1er juillet 1998 <\/span><span style=\"font-weight: 400;\">transposant la directive 96\/9 du 11 mars 1996 relative \u00e0 la protection juridique des <\/span><span style=\"font-weight: 400;\">bases de donn\u00e9es.<\/span><\/p>\n<p><span style=\"font-weight: 400;\">Pour toute information li\u00e9e \u00e0 son fonctionnement ou son utilisation, nous vous prions <\/span><span style=\"font-weight: 400;\">de bien vouloir nous contacter :<\/span><\/p>\n<p><span style=\"font-weight: 400;\">Mail attentiv@hotmail.fr<\/span><\/p>\n<p><span style=\"font-weight: 400;\">Tel 0240096559<\/span><\/p>\n<p><span style=\"font-weight: 400;\">Adresse 55 Bd du Docteur Moutel 44150 ANCENIS-ST GEREON<\/span><\/p>\n<p><span style=\"font-weight: 400;\">H\u00e9bergement OVH<\/span><\/p>\n<p>[\/et_pb_text][\/et_pb_column][\/et_pb_row][\/et_pb_section]<\/p>\n","protected":false},"excerpt":{"rendered":"<p>Mentions l\u00e9galesCe site est destin\u00e9 \u00e0 votre information. Vous disposez d\u2019un droit d\u2019utilisation des informations qui y sont contenues \u00e0 des fins exclusivement personnelles et non commerciales. Vous n\u2019\u00eates pas autoris\u00e9s \u00e0 modifier, distribuer, transmettre, diffuser, repr\u00e9senter, reproduire, publier, transf\u00e9rer ou vendre tout ou partie de ce site, tout document t\u00e9l\u00e9charg\u00e9 \u00e0 partir de ce [&hellip;]<\/p>\n","protected":false},"author":1,"featured_media":0,"parent":0,"menu_order":0,"comment_status":"closed","ping_status":"closed","template":"","meta":{"_et_pb_use_builder":"on","_et_pb_old_content":"<!-- wp:divi\/placeholder \/-->","_et_gb_content_width":"","footnotes":""},"class_list":["post-308","page","type-page","status-publish","hentry"],"_links":{"self":[{"href":"http:\/\/attentiv.fr\/attentivwp\/wp-json\/wp\/v2\/pages\/308","targetHints":{"allow":["GET"]}}],"collection":[{"href":"http:\/\/attentiv.fr\/attentivwp\/wp-json\/wp\/v2\/pages"}],"about":[{"href":"http:\/\/attentiv.fr\/attentivwp\/wp-json\/wp\/v2\/types\/page"}],"author":[{"embeddable":true,"href":"http:\/\/attentiv.fr\/attentivwp\/wp-json\/wp\/v2\/users\/1"}],"replies":[{"embeddable":true,"href":"http:\/\/attentiv.fr\/attentivwp\/wp-json\/wp\/v2\/comments?post=308"}],"version-history":[{"count":5,"href":"http:\/\/attentiv.fr\/attentivwp\/wp-json\/wp\/v2\/pages\/308\/revisions"}],"predecessor-version":[{"id":935,"href":"http:\/\/attentiv.fr\/attentivwp\/wp-json\/wp\/v2\/pages\/308\/revisions\/935"}],"wp:attachment":[{"href":"http:\/\/attentiv.fr\/attentivwp\/wp-json\/wp\/v2\/media?parent=308"}],"curies":[{"name":"wp","href":"https:\/\/api.w.org\/{rel}","templated":true}]}}